{"id":56,"date":"2017-01-25T17:35:09","date_gmt":"2017-01-25T16:35:09","guid":{"rendered":"http:\/\/web.rhauderfehn-zahnarzt.de\/?page_id=56"},"modified":"2026-04-28T07:35:00","modified_gmt":"2026-04-28T05:35:00","slug":"home-2","status":"publish","type":"page","link":"https:\/\/www.rhauderfehn-zahnarzt.de\/","title":{"rendered":"Home"},"content":{"rendered":"\n\n\t\t\t\t<img decoding=\"async\" src=\"http:\/\/web.rhauderfehn-zahnarzt.de\/wp-content\/uploads\/2017\/01\/Heroshot-Zuiderveld.png\" alt=\"Heroshot-Zuiderveld\" title=\"Heroshot-Zuiderveld\" itemprop=\"image\"  \/>\n\t\t\t<h4>Willkommen auf unserer Website<\/h4><h2>Praxis f\u00fcr Zahnmedizin und Kieferorthop\u00e4die Zuiderveld<\/h2>\t\t\n\t\t\t\t<img decoding=\"async\" src=\"https:\/\/www.rhauderfehn-zahnarzt.de\/wp-content\/uploads\/2019\/12\/Logo-Zahnarztpraxis-Zuiderveld-extra.png\" alt=\"Logo Zahnarztpraxis Zuiderveld extra\" title=\"Logo Zahnarztpraxis Zuiderveld extra\" itemprop=\"image\"\/>\n\t\t\t<h4>Wir suchen Verst\u00e4rkung f\u00fcr unser Team! <\/h4>\t\t\n\t\t\t\t<img decoding=\"async\" src=\"https:\/\/www.rhauderfehn-zahnarzt.de\/wp-content\/uploads\/2019\/12\/Logo-Zahnarztpraxis-Zuiderveld-extra.png\" alt=\"Logo Zahnarztpraxis Zuiderveld extra\" title=\"Logo Zahnarztpraxis Zuiderveld extra\" itemprop=\"image\"\/>\n\t\t\t\t<p><strong>Zum n\u00e4chst m\u00f6glichen Zeitpunkt suchen wir eine Zahnmedizinische Fachangestellte (m\/w\/d) in Voll- oder Teilzeit.\u00a0<\/strong><\/p>\n<p>Eine aussagekr\u00e4ftige Bewerbung erhalten wir gerne per Post<\/p>\n<p>Zahnarztpraxis Zuiderveld, Rhauderwieke 26, 26817 Rhauderfehn<\/p>\n<p>oder per Mail an info@rhauderfehn-zahnarzt.de<\/p>\n\t\t\t<h4>Wir suchen eine Auszubildende (m\/w\/d) zum 1.8.2026<\/h4>\t\t\n\t\t\t\t<img decoding=\"async\" src=\"https:\/\/www.rhauderfehn-zahnarzt.de\/wp-content\/uploads\/2019\/12\/Logo-Zahnarztpraxis-Zuiderveld-extra.png\" alt=\"Logo Zahnarztpraxis Zuiderveld extra\" title=\"Logo Zahnarztpraxis Zuiderveld extra\" itemprop=\"image\"\/>\n\t\t\t\t<p><strong>Zum 1.8.2026 suchen wir eine neue Auszubildende, die sich zu einer zuk\u00fcnftigen Zahnfee ausbilden lassen m\u00f6chte.<\/strong><\/p>\n<p><strong>Wenn wir Dein Interesse geweckt haben, Du Dir aber noch unsicher bist, ob Du eine Zahnfee werden m\u00f6chtest, melde Dich bitte bei uns f\u00fcr ein Schnupperpraktikum.<\/strong><\/p>\n<p><strong>oder schicke uns Deine Bewerbung zu:<\/strong><\/p>\n<p><strong>Zahnarztpraxis Zuiderveld, Rhauderwieke 26, 26817 Rhauderfehn<\/strong><\/p>\n<p><strong>oder per Mail an info@rhauderfehn-zahnarzt.de<\/strong><\/p>\n\t\t\t<h4>Zahn\u00e4rztliche Versorgung f\u00fcr Jung und Alt im Herzen Rhauderfehns <\/h4>\t\t\n\t\t\t\t<img decoding=\"async\" src=\"https:\/\/www.rhauderfehn-zahnarzt.de\/wp-content\/uploads\/2019\/12\/Logo-Zahnarztpraxis-Zuiderveld-extra.png\" alt=\"Logo Zahnarztpraxis Zuiderveld extra\" title=\"Logo Zahnarztpraxis Zuiderveld extra\" itemprop=\"image\"\/>\n\t\t\t\t<p>Das Praxisteam kann Ihnen in den vier modern eingerichteten Behandlungsr\u00e4umen die ganze bandbreite zahnmedizinischer Behandlungen und kieferorthop\u00e4discher Behandlungen anbieten. Zus\u00e4tzlich bieten wir Prophylaxebehandlungen f\u00fcr Erwachsene und Kinder in unserem speziell daf\u00fcr eingerichteten f\u00fcnften Zimmer an. Die Praxis ist uneingeschr\u00e4nkt zug\u00e4nglich f\u00fcr Rollstuhlfahrer. <br \/>Viel Spa\u00df beim Anschauen unseres Internetauftritts.\u00a0<\/p>\n<figure itemscope itemtype=\"https:\/\/schema.org\/ImageObject\">\n\t\t\t\t<img decoding=\"async\" src=\"http:\/\/web.rhauderfehn-zahnarzt.de\/wp-content\/uploads\/2017\/01\/apfel-dropshadow-256x300.png\" alt=\"apfel-dropshadow\" title=\"apfel-dropshadow\" onerror=\"this.style.display='none'\" loading=\"lazy\" \/>\n\t<\/figure>\n\t\t<h4>Sprechstunden<\/h4>\t\t\t\n\t\t\t\t<p>Mo &#8211; Do<br \/>8.00 &#8211; 12.00 Uhr<br \/>14.00 &#8211; 18.00 Uhr<\/p>\n<p>Fr<br \/>8.00 &#8211; 12.00 Uhr<\/p>\n\t\t<h4>Telefon<\/h4>\t\t\t\n\t\t\t\t<p>04952 7474<\/p>\n\t<a href=\"http:\/\/web.rhauderfehn-zahnarzt.de\/index.php\/anfahrt\/\" target=\"_self\"  aria-label=\"Go to http:\/\/web.rhauderfehn-zahnarzt.de\/index.php\/anfahrt\/\"><\/a>\n\t\t<h4>Adresse<\/h4>\t\t\t\n\t\t\t\t<p>Rhauderwieke 26<br \/>26817 Rhauderfehn<\/p>\n\t\t<h4>Terminabsage<\/h4>\t\t\t\n\t\t\t\t<p>Telefonisch mindestens 24 Stunden vor dem Termin<\/p>\n<p>\u00a0<\/p>\n\n","protected":false},"excerpt":{"rendered":"<p>Willkommen auf unserer Website Praxis f\u00fcr Zahnmedizin und Kieferorthop\u00e4die Zuiderveld Wir suchen Verst\u00e4rkung f\u00fcr unser Team! Zum n\u00e4chst m\u00f6glichen Zeitpunkt suchen wir eine Zahnmedizinische Fachangestellte (m\/w\/d) in Voll- oder Teilzeit.\u00a0 Eine aussagekr\u00e4ftige Bewerbung erhalten wir gerne per Post Zahnarztpraxis Zuiderveld, Rhauderwieke 26, 26817 Rhauderfehn oder per Mail an info@rhauderfehn-zahnarzt.de Wir suchen eine Auszubildende (m\/w\/d) zum&hellip;<\/p>\n","protected":false},"author":1,"featured_media":0,"parent":0,"menu_order":0,"comment_status":"closed","ping_status":"closed","template":"","meta":{"footnotes":""},"class_list":["post-56","page","type-page","status-publish","hentry"],"_links":{"self":[{"href":"https:\/\/www.rhauderfehn-zahnarzt.de\/index.php\/wp-json\/wp\/v2\/pages\/56","targetHints":{"allow":["GET"]}}],"collection":[{"href":"https:\/\/www.rhauderfehn-zahnarzt.de\/index.php\/wp-json\/wp\/v2\/pages"}],"about":[{"href":"https:\/\/www.rhauderfehn-zahnarzt.de\/index.php\/wp-json\/wp\/v2\/types\/page"}],"author":[{"embeddable":true,"href":"https:\/\/www.rhauderfehn-zahnarzt.de\/index.php\/wp-json\/wp\/v2\/users\/1"}],"replies":[{"embeddable":true,"href":"https:\/\/www.rhauderfehn-zahnarzt.de\/index.php\/wp-json\/wp\/v2\/comments?post=56"}],"version-history":[{"count":13,"href":"https:\/\/www.rhauderfehn-zahnarzt.de\/index.php\/wp-json\/wp\/v2\/pages\/56\/revisions"}],"predecessor-version":[{"id":595,"href":"https:\/\/www.rhauderfehn-zahnarzt.de\/index.php\/wp-json\/wp\/v2\/pages\/56\/revisions\/595"}],"wp:attachment":[{"href":"https:\/\/www.rhauderfehn-zahnarzt.de\/index.php\/wp-json\/wp\/v2\/media?parent=56"}],"curies":[{"name":"wp","href":"https:\/\/api.w.org\/{rel}","templated":true}]}}